{"id":57,"date":"2018-01-09T21:14:40","date_gmt":"2018-01-09T21:14:40","guid":{"rendered":"http:\/\/mosaics.dickinson.edu\/mexicanmigration2003\/?page_id=57"},"modified":"2018-01-09T21:28:20","modified_gmt":"2018-01-09T21:28:20","slug":"resources","status":"publish","type":"page","link":"https:\/\/mosaics.dickinson.edu\/mexicanmigration2003\/resources\/","title":{"rendered":"Resources"},"content":{"rendered":"<ul>\n<li><a href=\"https:\/\/www.albany.edu\/jmmh\/vol2no1\/borderlands.html\">A Review of US-Mexican Relations Websites<\/a><\/li>\n<li><a href=\"http:\/\/www.nccp.org\/\">Children of Immigrants<\/a><\/li>\n<li><a href=\"https:\/\/www.friendsfw.org\/\">Friends of Farmworkers<\/a><\/li>\n<li><a href=\"http:\/\/www.farmworkers.org\/\">The Farmworkers Website<\/a><\/li>\n<li><a href=\"https:\/\/www.saf-unite.org\/\">Student Action with Farmworkers<\/a><\/li>\n<li><a href=\"https:\/\/www.agcensus.usda.gov\/\">USDA Census of Agriculture<\/a><\/li>\n<li><a href=\"https:\/\/www.orangepippin.com\/orchards\/united-states\/pennsylvania\">Map of Adams County Orchard Area<\/a><\/li>\n<li><a href=\"http:\/\/www.inegi.org.mx\/default.aspx\">Instituto Nacional de Estad\u00edstica, Geograf\u00eda e Inform\u00e1tica<\/a><\/li>\n<li><a href=\"http:\/\/www.chicano.ucla.edu\/\">Chicano Studies Research Center<\/a><\/li>\n<\/ul>\n","protected":false},"excerpt":{"rendered":"<p>A Review of US-Mexican Relations Websites Children of Immigrants Friends of Farmworkers The Farmworkers Website Student Action with Farmworkers USDA Census of Agriculture Map of Adams County Orchard Area Instituto Nacional de Estad\u00edstica, Geograf\u00eda e Inform\u00e1tica Chicano Studies Research Center<\/p>\n","protected":false},"author":2,"featured_media":0,"parent":0,"menu_order":4,"comment_status":"closed","ping_status":"closed","template":"","meta":{"footnotes":""},"class_list":["post-57","page","type-page","status-publish","hentry","post-preview"],"_links":{"self":[{"href":"https:\/\/mosaics.dickinson.edu\/mexicanmigration2003\/wp-json\/wp\/v2\/pages\/57","targetHints":{"allow":["GET"]}}],"collection":[{"href":"https:\/\/mosaics.dickinson.edu\/mexicanmigration2003\/wp-json\/wp\/v2\/pages"}],"about":[{"href":"https:\/\/mosaics.dickinson.edu\/mexicanmigration2003\/wp-json\/wp\/v2\/types\/page"}],"author":[{"embeddable":true,"href":"https:\/\/mosaics.dickinson.edu\/mexicanmigration2003\/wp-json\/wp\/v2\/users\/2"}],"replies":[{"embeddable":true,"href":"https:\/\/mosaics.dickinson.edu\/mexicanmigration2003\/wp-json\/wp\/v2\/comments?post=57"}],"version-history":[{"count":1,"href":"https:\/\/mosaics.dickinson.edu\/mexicanmigration2003\/wp-json\/wp\/v2\/pages\/57\/revisions"}],"predecessor-version":[{"id":58,"href":"https:\/\/mosaics.dickinson.edu\/mexicanmigration2003\/wp-json\/wp\/v2\/pages\/57\/revisions\/58"}],"wp:attachment":[{"href":"https:\/\/mosaics.dickinson.edu\/mexicanmigration2003\/wp-json\/wp\/v2\/media?parent=57"}],"curies":[{"name":"wp","href":"https:\/\/api.w.org\/{rel}","templated":true}]}}