{"id":123,"date":"2019-03-26T19:29:15","date_gmt":"2019-03-26T19:29:15","guid":{"rendered":"http:\/\/mosaics.dickinson.edu\/patagonia2001\/?page_id=123"},"modified":"2019-03-26T19:29:15","modified_gmt":"2019-03-26T19:29:15","slug":"maria-jose-garridos-reflection","status":"publish","type":"page","link":"https:\/\/mosaics.dickinson.edu\/patagonia2001\/reflections\/maria-jose-garridos-reflection\/","title":{"rendered":"Mar\u00eda Jos\u00e9 Garrido&#8217;s Reflection"},"content":{"rendered":"<p>La experiencia en el Patagonia Mosaic fue el intercambio de dos mundos culturales acercados por el conocimiento, y nuevas amistades y afectos.<br \/>\nConocer la diversidad, compartir con la gente sus historias de vida, ser testigos directos de los relatos que nos ense\u00f1an parte de la historia no s\u00f3lo de la Patagonia Argentina sino de procesos y experiencias similares en Estados Unidos, no puede ser menos que una experiencia gratificante.<\/p>\n<p>El trabajo del proyecto Patagonia Mosaic abarc\u00f3 varias miradas sobre la realidad de la gente de la zona, sus formas de vida, sus experiencia. El grupo de trabajo intent\u00f3 tomarlas a trav\u00e9s de entrevistas orales. Esto permiti\u00f3 un acercamiento que fue mas all\u00e1 de la recopilaci\u00f3n de informaci\u00f3n y datos, ya que di\u00f3 pie a compartir e intercambiar emociones y an\u00e9cdotas.<\/p>\n<p>Una vez en Dickinson la experiencia se enriqueci\u00f3 a\u00fan mas, en contacto con el \u00e1mbito universitario y la diversidad de su gente, en la exposici\u00f3n y elaboraci\u00f3n de los proyectos y la ayuda del grupo y de profesores.<\/p>\n<p>Las vivencias con el grupo de trabajo, tanto en Comodoro Rivadavia como en Dickinson, elaborando proyectos, compartiendo conocimientos, enriqueci\u00e9ndonos mutuamente a trav\u00e9s de nuestros diferentes puntos de vista, y viendo los avances y resultados del trabajo en conjunto en cont\u00ednuo apoyo mutuo, hacen que esta experiencia sea \u00fanica y maravillosa.<\/p>\n\n\t\t<style type=\"text\/css\">\n\t\t\t#gallery-1 {\n\t\t\t\tmargin: auto;\n\t\t\t}\n\t\t\t#gallery-1 .gallery-item {\n\t\t\t\tfloat: left;\n\t\t\t\tmargin-top: 10px;\n\t\t\t\ttext-align: center;\n\t\t\t\twidth: 50%;\n\t\t\t}\n\t\t\t#gallery-1 img {\n\t\t\t\tborder: 2px solid #cfcfcf;\n\t\t\t}\n\t\t\t#gallery-1 .gallery-caption {\n\t\t\t\tmargin-left: 0;\n\t\t\t}\n\t\t\t\/* see gallery_shortcode() in wp-includes\/media.php *\/\n\t\t<\/style>\n\t\t<div id='gallery-1' class='gallery galleryid-123 gallery-columns-2 gallery-size-large'><dl class='gallery-item'>\n\t\t\t<dt class='gallery-icon landscape'>\n\t\t\t\t<a href='https:\/\/mosaics.dickinson.edu\/patagonia2001\/reflections\/maria-jose-garridos-reflection\/mjgarrido1\/'><img loading=\"lazy\" decoding=\"async\" width=\"294\" height=\"200\" src=\"https:\/\/mosaics.dickinson.edu\/patagonia2001\/wp-content\/uploads\/sites\/6\/2019\/03\/MJGarrido1.jpg\" class=\"attachment-large size-large\" alt=\"Photograph of Garrido, Reynolds, and S\u00e1nchez\" aria-describedby=\"gallery-1-124\" \/><\/a>\n\t\t\t<\/dt>\n\t\t\t\t<dd class='wp-caption-text gallery-caption' id='gallery-1-124'>\n\t\t\t\tSocializing in Carlisle with Patagonia Mosaic students Angela Reynolds and Jasm\u00edn S\u00e1nchez\n\t\t\t\t<\/dd><\/dl><dl class='gallery-item'>\n\t\t\t<dt class='gallery-icon landscape'>\n\t\t\t\t<a href='https:\/\/mosaics.dickinson.edu\/patagonia2001\/reflections\/maria-jose-garridos-reflection\/mjgarrido2\/'><img loading=\"lazy\" decoding=\"async\" width=\"298\" height=\"200\" src=\"https:\/\/mosaics.dickinson.edu\/patagonia2001\/wp-content\/uploads\/sites\/6\/2019\/03\/MJGarrido2.jpg\" class=\"attachment-large size-large\" alt=\"Photograph of students working in the Media Center\" aria-describedby=\"gallery-1-125\" \/><\/a>\n\t\t\t<\/dt>\n\t\t\t\t<dd class='wp-caption-text gallery-caption' id='gallery-1-125'>\n\t\t\t\tWorking hard in the Media Center during a beautiful, sunny day (as you can see through the window in the background&#8230;)\n\t\t\t\t<\/dd><\/dl><br style=\"clear: both\" \/>\n\t\t<\/div>\n\n<p>Return to <a href=\"http:\/\/mosaics.dickinson.edu\/patagonia2001\/reflections\/\">Reflections<\/a> page.<\/p>\n","protected":false},"excerpt":{"rendered":"<p>La experiencia en el Patagonia Mosaic fue el intercambio de dos mundos culturales acercados por el conocimiento, y nuevas amistades y afectos. Conocer la diversidad, compartir con la gente sus historias de vida, ser testigos directos de los relatos que nos ense\u00f1an parte de la historia no s\u00f3lo de la Patagonia Argentina sino de procesos [&hellip;]<\/p>\n","protected":false},"author":2,"featured_media":0,"parent":96,"menu_order":2,"comment_status":"closed","ping_status":"closed","template":"","meta":{"footnotes":""},"class_list":["post-123","page","type-page","status-publish","hentry","post-preview"],"_links":{"self":[{"href":"https:\/\/mosaics.dickinson.edu\/patagonia2001\/wp-json\/wp\/v2\/pages\/123","targetHints":{"allow":["GET"]}}],"collection":[{"href":"https:\/\/mosaics.dickinson.edu\/patagonia2001\/wp-json\/wp\/v2\/pages"}],"about":[{"href":"https:\/\/mosaics.dickinson.edu\/patagonia2001\/wp-json\/wp\/v2\/types\/page"}],"author":[{"embeddable":true,"href":"https:\/\/mosaics.dickinson.edu\/patagonia2001\/wp-json\/wp\/v2\/users\/2"}],"replies":[{"embeddable":true,"href":"https:\/\/mosaics.dickinson.edu\/patagonia2001\/wp-json\/wp\/v2\/comments?post=123"}],"version-history":[{"count":1,"href":"https:\/\/mosaics.dickinson.edu\/patagonia2001\/wp-json\/wp\/v2\/pages\/123\/revisions"}],"predecessor-version":[{"id":126,"href":"https:\/\/mosaics.dickinson.edu\/patagonia2001\/wp-json\/wp\/v2\/pages\/123\/revisions\/126"}],"up":[{"embeddable":true,"href":"https:\/\/mosaics.dickinson.edu\/patagonia2001\/wp-json\/wp\/v2\/pages\/96"}],"wp:attachment":[{"href":"https:\/\/mosaics.dickinson.edu\/patagonia2001\/wp-json\/wp\/v2\/media?parent=123"}],"curies":[{"name":"wp","href":"https:\/\/api.w.org\/{rel}","templated":true}]}}