{"id":160,"date":"2019-03-26T20:25:23","date_gmt":"2019-03-26T20:25:23","guid":{"rendered":"http:\/\/mosaics.dickinson.edu\/patagonia2001\/?page_id=160"},"modified":"2019-03-26T20:27:19","modified_gmt":"2019-03-26T20:27:19","slug":"maria-laura-olivares-reflection","status":"publish","type":"page","link":"https:\/\/mosaics.dickinson.edu\/patagonia2001\/reflections\/maria-laura-olivares-reflection\/","title":{"rendered":"Mar\u00eda Laura Olivares&#8217; Reflection"},"content":{"rendered":"<p>\u00bfQu\u00e9 decir de la experiencia de intercambio con Dickinson College?. \u00bfQu\u00e9 decir de una situaci\u00f3n donde se mezclan sentimientos y opiniones intelectuales? Sin duda una experiencia enriquecedora.<\/p>\n<p>En primer lugar, porque el hecho de que estudiantes de otro pa\u00eds, se interesen en investigar Comodoro Rivadavia, me llev\u00f3, en el camino de acompa\u00f1arlos a entrevistas y paseos de observaci\u00f3n, a descubrir cosas de mi propia ciudad de las que antes no me hab\u00eda percatado, al mismo tiempo de poder contribuir a mostrar las ricas historias de vida de los inmigrantes que forjaron esta ciudad.<\/p>\n<p>Una vez en Carlisle, las experiencias de aprendizaje personales continuaron a\u00fan m\u00e1s all\u00e1 del sal\u00f3n de clases, ya que a\u00fan luego de terminadas \u00e9stas, las discusiones y los debates continuaban, ya sea acerca de cu\u00e1l era la visi\u00f3n de la realidad comodorense que hab\u00edan captado, o cu\u00e1l era mi visi\u00f3n de su pa\u00eds. \u00bfEra la misma visi\u00f3n?. Seguramente no, lo que enriqueci\u00f3 el debate y las conclusiones arribadas.<\/p>\n<p>El contacto durante mi estad\u00eda en los Estados Unidos con algunos de los familiares de mis compa\u00f1eros en el programa Patagonia Mosaic, me hizo sentir orgullosa de representar a mi pa\u00eds, Argentina, ya que todos me preguntaban lo mismo: \u00bfQu\u00e9 pasa en tu ciudad que nuestros hijos volvieron tan apegados ella, tan apegados a su gente?. \u00bfQu\u00e9 tiene de m\u00e1gica la Patagonia Argentina?. Sin duda mucho, y cuando se tiene la oportunidad de compartirlo con extranjeros, mucho m\u00e1s.<\/p>\n<p>Es mi deseo que este programa contin\u00fae y se ampl\u00ede en el tiempo, ya que ambas partes tienen mucho por ofrecer e intercambiar, lo que sin duda fomenta el crecimiento intelectual y personal.<\/p>\n<p>Por \u00faltimo no me queda m\u00e1s que agradecer a quienes hicieron posible este encuentro, los profesores, compa\u00f1eros y luego amigos de Dickinson College, ya que los lazos formados son para toda la vida. Gracias por todo y esperemos encontrarnos nuevamente. Hasta siempre.<\/p>\n\n\t\t<style type=\"text\/css\">\n\t\t\t#gallery-1 {\n\t\t\t\tmargin: auto;\n\t\t\t}\n\t\t\t#gallery-1 .gallery-item {\n\t\t\t\tfloat: left;\n\t\t\t\tmargin-top: 10px;\n\t\t\t\ttext-align: center;\n\t\t\t\twidth: 50%;\n\t\t\t}\n\t\t\t#gallery-1 img {\n\t\t\t\tborder: 2px solid #cfcfcf;\n\t\t\t}\n\t\t\t#gallery-1 .gallery-caption {\n\t\t\t\tmargin-left: 0;\n\t\t\t}\n\t\t\t\/* see gallery_shortcode() in wp-includes\/media.php *\/\n\t\t<\/style>\n\t\t<div id='gallery-1' class='gallery galleryid-160 gallery-columns-2 gallery-size-large'><dl class='gallery-item'>\n\t\t\t<dt class='gallery-icon landscape'>\n\t\t\t\t<a href='https:\/\/mosaics.dickinson.edu\/patagonia2001\/reflections\/maria-laura-olivares-reflection\/mlauraolivaresrefl1\/'><img loading=\"lazy\" decoding=\"async\" width=\"296\" height=\"200\" src=\"https:\/\/mosaics.dickinson.edu\/patagonia2001\/wp-content\/uploads\/sites\/6\/2019\/03\/MLauraOlivaresRefl1.jpg\" class=\"attachment-large size-large\" alt=\"Photograph of Mosaic Participants\" aria-describedby=\"gallery-1-162\" \/><\/a>\n\t\t\t<\/dt>\n\t\t\t\t<dd class='wp-caption-text gallery-caption' id='gallery-1-162'>\n\t\t\t\tExperiencia multicultural en Dickinson.\nEn las fotos: Karla (Puerto Rico), Rosemary (USA), Mar\u00eda Paz (M\u00e9xico),  Kirsten (Alemania), Dar\u00edo (Rep\u00fablica Dominicana) y Carlos (Guatemala).\n\t\t\t\t<\/dd><\/dl><dl class='gallery-item'>\n\t\t\t<dt class='gallery-icon landscape'>\n\t\t\t\t<a href='https:\/\/mosaics.dickinson.edu\/patagonia2001\/reflections\/maria-laura-olivares-reflection\/mlauraolivaresrefl2\/'><img loading=\"lazy\" decoding=\"async\" width=\"293\" height=\"200\" src=\"https:\/\/mosaics.dickinson.edu\/patagonia2001\/wp-content\/uploads\/sites\/6\/2019\/03\/MLauraOlivaresRefl2.jpg\" class=\"attachment-large size-large\" alt=\"Photograph of Mosaic Participants\" aria-describedby=\"gallery-1-163\" \/><\/a>\n\t\t\t<\/dt>\n\t\t\t\t<dd class='wp-caption-text gallery-caption' id='gallery-1-163'>\n\t\t\t\tEl contacto con gente de or\u00edgenes tan diversos me hizo empezar a ver las cosas de manera diferente y tener ganas de conocer otros pa\u00edses y culturas que no se encontraban entre mis objetivos primordiales. \nLos lazos de amistad y el af\u00e1n por aprender cambiaron de alguna manera mis rumbos y marcaron para siempre mi coraz\u00f3n.\n\t\t\t\t<\/dd><\/dl><br style=\"clear: both\" \/>\n\t\t<\/div>\n\n<p>Return to <a href=\"http:\/\/mosaics.dickinson.edu\/patagonia2001\/reflections\/\">Reflections<\/a> page.<\/p>\n","protected":false},"excerpt":{"rendered":"<p>\u00bfQu\u00e9 decir de la experiencia de intercambio con Dickinson College?. \u00bfQu\u00e9 decir de una situaci\u00f3n donde se mezclan sentimientos y opiniones intelectuales? Sin duda una experiencia enriquecedora. En primer lugar, porque el hecho de que estudiantes de otro pa\u00eds, se interesen en investigar Comodoro Rivadavia, me llev\u00f3, en el camino de acompa\u00f1arlos a entrevistas y [&hellip;]<\/p>\n","protected":false},"author":2,"featured_media":0,"parent":96,"menu_order":8,"comment_status":"closed","ping_status":"closed","template":"","meta":{"footnotes":""},"class_list":["post-160","page","type-page","status-publish","hentry","post-preview"],"_links":{"self":[{"href":"https:\/\/mosaics.dickinson.edu\/patagonia2001\/wp-json\/wp\/v2\/pages\/160","targetHints":{"allow":["GET"]}}],"collection":[{"href":"https:\/\/mosaics.dickinson.edu\/patagonia2001\/wp-json\/wp\/v2\/pages"}],"about":[{"href":"https:\/\/mosaics.dickinson.edu\/patagonia2001\/wp-json\/wp\/v2\/types\/page"}],"author":[{"embeddable":true,"href":"https:\/\/mosaics.dickinson.edu\/patagonia2001\/wp-json\/wp\/v2\/users\/2"}],"replies":[{"embeddable":true,"href":"https:\/\/mosaics.dickinson.edu\/patagonia2001\/wp-json\/wp\/v2\/comments?post=160"}],"version-history":[{"count":3,"href":"https:\/\/mosaics.dickinson.edu\/patagonia2001\/wp-json\/wp\/v2\/pages\/160\/revisions"}],"predecessor-version":[{"id":165,"href":"https:\/\/mosaics.dickinson.edu\/patagonia2001\/wp-json\/wp\/v2\/pages\/160\/revisions\/165"}],"up":[{"embeddable":true,"href":"https:\/\/mosaics.dickinson.edu\/patagonia2001\/wp-json\/wp\/v2\/pages\/96"}],"wp:attachment":[{"href":"https:\/\/mosaics.dickinson.edu\/patagonia2001\/wp-json\/wp\/v2\/media?parent=160"}],"curies":[{"name":"wp","href":"https:\/\/api.w.org\/{rel}","templated":true}]}}