{"id":45,"date":"2019-03-19T20:19:21","date_gmt":"2019-03-19T20:19:21","guid":{"rendered":"http:\/\/mosaics.dickinson.edu\/patagonia2001\/?page_id=45"},"modified":"2019-03-21T17:39:34","modified_gmt":"2019-03-21T17:39:34","slug":"participants","status":"publish","type":"page","link":"https:\/\/mosaics.dickinson.edu\/patagonia2001\/course\/participants\/","title":{"rendered":"Participants"},"content":{"rendered":"\n\t\t<style type=\"text\/css\">\n\t\t\t#gallery-1 {\n\t\t\t\tmargin: auto;\n\t\t\t}\n\t\t\t#gallery-1 .gallery-item {\n\t\t\t\tfloat: left;\n\t\t\t\tmargin-top: 10px;\n\t\t\t\ttext-align: center;\n\t\t\t\twidth: 50%;\n\t\t\t}\n\t\t\t#gallery-1 img {\n\t\t\t\tborder: 2px solid #cfcfcf;\n\t\t\t}\n\t\t\t#gallery-1 .gallery-caption {\n\t\t\t\tmargin-left: 0;\n\t\t\t}\n\t\t\t\/* see gallery_shortcode() in wp-includes\/media.php *\/\n\t\t<\/style>\n\t\t<div id='gallery-1' class='gallery galleryid-45 gallery-columns-2 gallery-size-large'><dl class='gallery-item'>\n\t\t\t<dt class='gallery-icon landscape'>\n\t\t\t\t<a href='https:\/\/mosaics.dickinson.edu\/patagonia2001\/course\/webpictureoilworkerscr\/'><img loading=\"lazy\" decoding=\"async\" width=\"200\" height=\"123\" src=\"https:\/\/mosaics.dickinson.edu\/patagonia2001\/wp-content\/uploads\/sites\/6\/2019\/03\/WebpictureOilWorkersCR.jpg\" class=\"attachment-large size-large\" alt=\"Photograph of Oil Workers\" \/><\/a>\n\t\t\t<\/dt><\/dl><dl class='gallery-item'>\n\t\t\t<dt class='gallery-icon landscape'>\n\t\t\t\t<a href='https:\/\/mosaics.dickinson.edu\/patagonia2001\/course\/webpictureparticipantsgroup2\/'><img loading=\"lazy\" decoding=\"async\" width=\"200\" height=\"123\" src=\"https:\/\/mosaics.dickinson.edu\/patagonia2001\/wp-content\/uploads\/sites\/6\/2019\/03\/WebpictureParticipantsGroup2.jpg\" class=\"attachment-large size-large\" alt=\"Photograph of Mosaic Group\" \/><\/a>\n\t\t\t<\/dt><\/dl><br style=\"clear: both\" \/>\n\t\t<\/div>\n\n<p><strong>Program coordinators:<\/strong> Marcelo Borges (Dickinson, History), Susan Rose (Dickinson, Sociology), and Susana Torres (Universidad Nacional de la Patagonia, History)<\/p>\n<p><strong>With the collaboration of<\/strong>: Sonia Ivanoff (Universidad Nacional de la Patagonia, History), and Lonna Malmsheimer (Dickinson, American Studies)<\/p>\n<p><strong>Students:<\/strong><\/p>\n<ul>\n<li><em>Dickinson College<\/em>: Julia Bergen, Elizabeth Cardillo, Lisa Fiorentino, Colleen Heller, Kirsten Korell (exchange student, Universit\u00e4t Bremen), Rosemary McGunnigle, Kristin McLane, Karla Nieves, Angela Reynolds, Jasmin S\u00e1nchez Cordero, and David Stein<\/li>\n<li><em>Universidad Nacional de la Patagonia &#8220;San Juan Bosco&#8221;<\/em>: Mar\u00eda Jos\u00e9 Garrido and Mar\u00eda Laura Olivares<\/li>\n<\/ul>\n\n\t\t<style type=\"text\/css\">\n\t\t\t#gallery-2 {\n\t\t\t\tmargin: auto;\n\t\t\t}\n\t\t\t#gallery-2 .gallery-item {\n\t\t\t\tfloat: left;\n\t\t\t\tmargin-top: 10px;\n\t\t\t\ttext-align: center;\n\t\t\t\twidth: 33%;\n\t\t\t}\n\t\t\t#gallery-2 img {\n\t\t\t\tborder: 2px solid #cfcfcf;\n\t\t\t}\n\t\t\t#gallery-2 .gallery-caption {\n\t\t\t\tmargin-left: 0;\n\t\t\t}\n\t\t\t\/* see gallery_shortcode() in wp-includes\/media.php *\/\n\t\t<\/style>\n\t\t<div id='gallery-2' class='gallery galleryid-45 gallery-columns-3 gallery-size-medium'><dl class='gallery-item'>\n\t\t\t<dt class='gallery-icon landscape'>\n\t\t\t\t<a href='https:\/\/mosaics.dickinson.edu\/patagonia2001\/course\/webpictureparticipantsdickinsonprofessors\/'><img loading=\"lazy\" decoding=\"async\" width=\"150\" height=\"113\" src=\"https:\/\/mosaics.dickinson.edu\/patagonia2001\/wp-content\/uploads\/sites\/6\/2019\/03\/WebpictureParticipantsDickinsonProfessors.jpg\" class=\"attachment-medium size-medium\" alt=\"Photograph of Malmsheimer Borges Rose\" aria-describedby=\"gallery-2-33\" \/><\/a>\n\t\t\t<\/dt>\n\t\t\t\t<dd class='wp-caption-text gallery-caption' id='gallery-2-33'>\n\t\t\t\tLonna Malmsheimer, Marcelo Borges, and Susan Rose\n\t\t\t\t<\/dd><\/dl><dl class='gallery-item'>\n\t\t\t<dt class='gallery-icon portrait'>\n\t\t\t\t<a href='https:\/\/mosaics.dickinson.edu\/patagonia2001\/course\/webpictureparticipantssusanatorres\/'><img loading=\"lazy\" decoding=\"async\" width=\"113\" height=\"150\" src=\"https:\/\/mosaics.dickinson.edu\/patagonia2001\/wp-content\/uploads\/sites\/6\/2019\/03\/WebpictureParticipantsSusanaTorres.jpg\" class=\"attachment-medium size-medium\" alt=\"Susana Torres\" aria-describedby=\"gallery-2-37\" \/><\/a>\n\t\t\t<\/dt>\n\t\t\t\t<dd class='wp-caption-text gallery-caption' id='gallery-2-37'>\n\t\t\t\tSusana Torres\n\t\t\t\t<\/dd><\/dl><dl class='gallery-item'>\n\t\t\t<dt class='gallery-icon portrait'>\n\t\t\t\t<a href='https:\/\/mosaics.dickinson.edu\/patagonia2001\/course\/webpictureparticipantssoniaivanoff\/'><img loading=\"lazy\" decoding=\"async\" width=\"113\" height=\"150\" src=\"https:\/\/mosaics.dickinson.edu\/patagonia2001\/wp-content\/uploads\/sites\/6\/2019\/03\/WebpictureParticipantsSoniaIvanoff.jpg\" class=\"attachment-medium size-medium\" alt=\"Sonia Ivanoff\" aria-describedby=\"gallery-2-36\" \/><\/a>\n\t\t\t<\/dt>\n\t\t\t\t<dd class='wp-caption-text gallery-caption' id='gallery-2-36'>\n\t\t\t\tSonia Ivanoff\n\t\t\t\t<\/dd><\/dl><br style=\"clear: both\" \/><dl class='gallery-item'>\n\t\t\t<dt class='gallery-icon portrait'>\n\t\t\t\t<a href='https:\/\/mosaics.dickinson.edu\/patagonia2001\/course\/webpicturejulia\/'><img loading=\"lazy\" decoding=\"async\" width=\"113\" height=\"150\" src=\"https:\/\/mosaics.dickinson.edu\/patagonia2001\/wp-content\/uploads\/sites\/6\/2019\/03\/WebpictureJulia.jpg\" class=\"attachment-medium size-medium\" alt=\"Julia Bergen\" aria-describedby=\"gallery-2-27\" \/><\/a>\n\t\t\t<\/dt>\n\t\t\t\t<dd class='wp-caption-text gallery-caption' id='gallery-2-27'>\n\t\t\t\tJulia Bergen\n\t\t\t\t<\/dd><\/dl><dl class='gallery-item'>\n\t\t\t<dt class='gallery-icon portrait'>\n\t\t\t\t<a href='https:\/\/mosaics.dickinson.edu\/patagonia2001\/course\/webpictureelizabeth\/'><img loading=\"lazy\" decoding=\"async\" width=\"113\" height=\"150\" src=\"https:\/\/mosaics.dickinson.edu\/patagonia2001\/wp-content\/uploads\/sites\/6\/2019\/03\/WebpictureElizabeth.jpg\" class=\"attachment-medium size-medium\" alt=\"Elizabeth Cardillo\" aria-describedby=\"gallery-2-25\" \/><\/a>\n\t\t\t<\/dt>\n\t\t\t\t<dd class='wp-caption-text gallery-caption' id='gallery-2-25'>\n\t\t\t\tElizabeth Cardillo\n\t\t\t\t<\/dd><\/dl><dl class='gallery-item'>\n\t\t\t<dt class='gallery-icon portrait'>\n\t\t\t\t<a href='https:\/\/mosaics.dickinson.edu\/patagonia2001\/course\/webpicturelisa\/'><img loading=\"lazy\" decoding=\"async\" width=\"113\" height=\"150\" src=\"https:\/\/mosaics.dickinson.edu\/patagonia2001\/wp-content\/uploads\/sites\/6\/2019\/03\/WebpictureLisa.jpg\" class=\"attachment-medium size-medium\" alt=\"Lisa Fiorentino\" aria-describedby=\"gallery-2-31\" \/><\/a>\n\t\t\t<\/dt>\n\t\t\t\t<dd class='wp-caption-text gallery-caption' id='gallery-2-31'>\n\t\t\t\tLisa Fiorentino\n\t\t\t\t<\/dd><\/dl><br style=\"clear: both\" \/><dl class='gallery-item'>\n\t\t\t<dt class='gallery-icon portrait'>\n\t\t\t\t<a href='https:\/\/mosaics.dickinson.edu\/patagonia2001\/course\/webpicturecolleen\/'><img loading=\"lazy\" decoding=\"async\" width=\"113\" height=\"150\" src=\"https:\/\/mosaics.dickinson.edu\/patagonia2001\/wp-content\/uploads\/sites\/6\/2019\/03\/WebpictureColleen.jpg\" class=\"attachment-medium size-medium\" alt=\"Colleen Heller\" aria-describedby=\"gallery-2-23\" \/><\/a>\n\t\t\t<\/dt>\n\t\t\t\t<dd class='wp-caption-text gallery-caption' id='gallery-2-23'>\n\t\t\t\tColleen Heller\n\t\t\t\t<\/dd><\/dl><dl class='gallery-item'>\n\t\t\t<dt class='gallery-icon portrait'>\n\t\t\t\t<a href='https:\/\/mosaics.dickinson.edu\/patagonia2001\/course\/webpicturekirsten\/'><img loading=\"lazy\" decoding=\"async\" width=\"113\" height=\"150\" src=\"https:\/\/mosaics.dickinson.edu\/patagonia2001\/wp-content\/uploads\/sites\/6\/2019\/03\/WebpictureKirsten.jpg\" class=\"attachment-medium size-medium\" alt=\"Kirsten Korell\" aria-describedby=\"gallery-2-29\" \/><\/a>\n\t\t\t<\/dt>\n\t\t\t\t<dd class='wp-caption-text gallery-caption' id='gallery-2-29'>\n\t\t\t\tKirsten Korell\n\t\t\t\t<\/dd><\/dl><dl class='gallery-item'>\n\t\t\t<dt class='gallery-icon portrait'>\n\t\t\t\t<a href='https:\/\/mosaics.dickinson.edu\/patagonia2001\/course\/webpicturerosemary\/'><img loading=\"lazy\" decoding=\"async\" width=\"113\" height=\"150\" src=\"https:\/\/mosaics.dickinson.edu\/patagonia2001\/wp-content\/uploads\/sites\/6\/2019\/03\/WebpictureRosemary.jpg\" class=\"attachment-medium size-medium\" alt=\"Rosemary McGunnigle\" aria-describedby=\"gallery-2-38\" \/><\/a>\n\t\t\t<\/dt>\n\t\t\t\t<dd class='wp-caption-text gallery-caption' id='gallery-2-38'>\n\t\t\t\tRosemary McGunnigle\n\t\t\t\t<\/dd><\/dl><br style=\"clear: both\" \/><dl class='gallery-item'>\n\t\t\t<dt class='gallery-icon portrait'>\n\t\t\t\t<a href='https:\/\/mosaics.dickinson.edu\/patagonia2001\/course\/webpicturekristin\/'><img loading=\"lazy\" decoding=\"async\" width=\"113\" height=\"150\" src=\"https:\/\/mosaics.dickinson.edu\/patagonia2001\/wp-content\/uploads\/sites\/6\/2019\/03\/WebpictureKristin.jpg\" class=\"attachment-medium size-medium\" alt=\"Kristin McLane\" aria-describedby=\"gallery-2-30\" \/><\/a>\n\t\t\t<\/dt>\n\t\t\t\t<dd class='wp-caption-text gallery-caption' id='gallery-2-30'>\n\t\t\t\tKristin McLane\n\t\t\t\t<\/dd><\/dl><dl class='gallery-item'>\n\t\t\t<dt class='gallery-icon portrait'>\n\t\t\t\t<a href='https:\/\/mosaics.dickinson.edu\/patagonia2001\/course\/webpicturekarla\/'><img loading=\"lazy\" decoding=\"async\" width=\"113\" height=\"150\" src=\"https:\/\/mosaics.dickinson.edu\/patagonia2001\/wp-content\/uploads\/sites\/6\/2019\/03\/WebpictureKarla.jpg\" class=\"attachment-medium size-medium\" alt=\"Karla Nieves\" aria-describedby=\"gallery-2-28\" \/><\/a>\n\t\t\t<\/dt>\n\t\t\t\t<dd class='wp-caption-text gallery-caption' id='gallery-2-28'>\n\t\t\t\tKarla Nieves\n\t\t\t\t<\/dd><\/dl><dl class='gallery-item'>\n\t\t\t<dt class='gallery-icon portrait'>\n\t\t\t\t<a href='https:\/\/mosaics.dickinson.edu\/patagonia2001\/course\/webpictureangelar\/'><img loading=\"lazy\" decoding=\"async\" width=\"113\" height=\"150\" src=\"https:\/\/mosaics.dickinson.edu\/patagonia2001\/wp-content\/uploads\/sites\/6\/2019\/03\/WebpictureAngelaR.jpg\" class=\"attachment-medium size-medium\" alt=\"Angela Reynolds\" aria-describedby=\"gallery-2-22\" \/><\/a>\n\t\t\t<\/dt>\n\t\t\t\t<dd class='wp-caption-text gallery-caption' id='gallery-2-22'>\n\t\t\t\tAngela Reynolds\n\t\t\t\t<\/dd><\/dl><br style=\"clear: both\" \/><dl class='gallery-item'>\n\t\t\t<dt class='gallery-icon portrait'>\n\t\t\t\t<a href='https:\/\/mosaics.dickinson.edu\/patagonia2001\/course\/webpicturejasmin1\/'><img loading=\"lazy\" decoding=\"async\" width=\"113\" height=\"150\" src=\"https:\/\/mosaics.dickinson.edu\/patagonia2001\/wp-content\/uploads\/sites\/6\/2019\/03\/WebpictureJasmin1.jpg\" class=\"attachment-medium size-medium\" alt=\"Jasmin S\u00e1nchez Cordero\" aria-describedby=\"gallery-2-26\" \/><\/a>\n\t\t\t<\/dt>\n\t\t\t\t<dd class='wp-caption-text gallery-caption' id='gallery-2-26'>\n\t\t\t\tJasmin S\u00e1nchez Cordero\n\t\t\t\t<\/dd><\/dl><dl class='gallery-item'>\n\t\t\t<dt class='gallery-icon portrait'>\n\t\t\t\t<a href='https:\/\/mosaics.dickinson.edu\/patagonia2001\/course\/webpicturedavid\/'><img loading=\"lazy\" decoding=\"async\" width=\"113\" height=\"150\" src=\"https:\/\/mosaics.dickinson.edu\/patagonia2001\/wp-content\/uploads\/sites\/6\/2019\/03\/WebpictureDavid.jpg\" class=\"attachment-medium size-medium\" alt=\"David Stein\" aria-describedby=\"gallery-2-24\" \/><\/a>\n\t\t\t<\/dt>\n\t\t\t\t<dd class='wp-caption-text gallery-caption' id='gallery-2-24'>\n\t\t\t\tDavid Stein\n\t\t\t\t<\/dd><\/dl><dl class='gallery-item'>\n\t\t\t<dt class='gallery-icon portrait'>\n\t\t\t\t<a href='https:\/\/mosaics.dickinson.edu\/patagonia2001\/course\/webpictureparticipantsmariajosegarrido\/'><img loading=\"lazy\" decoding=\"async\" width=\"113\" height=\"150\" src=\"https:\/\/mosaics.dickinson.edu\/patagonia2001\/wp-content\/uploads\/sites\/6\/2019\/03\/WebpictureParticipantsMariaJoseGarrido.jpg\" class=\"attachment-medium size-medium\" alt=\"Mar\u00eda Jos\u00e9 Garrido\" aria-describedby=\"gallery-2-35\" \/><\/a>\n\t\t\t<\/dt>\n\t\t\t\t<dd class='wp-caption-text gallery-caption' id='gallery-2-35'>\n\t\t\t\tMar\u00eda Jos\u00e9 Garrido\n\t\t\t\t<\/dd><\/dl><br style=\"clear: both\" \/><dl class='gallery-item'>\n\t\t\t<dt class='gallery-icon portrait'>\n\t\t\t\t<a href='https:\/\/mosaics.dickinson.edu\/patagonia2001\/course\/webpictmlauraolivares2\/'><img loading=\"lazy\" decoding=\"async\" width=\"113\" height=\"150\" src=\"https:\/\/mosaics.dickinson.edu\/patagonia2001\/wp-content\/uploads\/sites\/6\/2019\/03\/WebPictMLauraOlivares2.jpg\" class=\"attachment-medium size-medium\" alt=\"Mar\u00eda Laura Olivares\" aria-describedby=\"gallery-2-21\" \/><\/a>\n\t\t\t<\/dt>\n\t\t\t\t<dd class='wp-caption-text gallery-caption' id='gallery-2-21'>\n\t\t\t\tMar\u00eda Laura Olivares\n\t\t\t\t<\/dd><\/dl>\n\t\t\t<br style='clear: both' \/>\n\t\t<\/div>\n\n<p>&nbsp;<\/p>\n","protected":false},"excerpt":{"rendered":"<p>Program coordinators: Marcelo Borges (Dickinson, History), Susan Rose (Dickinson, Sociology), and Susana Torres (Universidad Nacional de la Patagonia, History) With the collaboration of: Sonia Ivanoff (Universidad Nacional de la Patagonia, History), and Lonna Malmsheimer (Dickinson, American Studies) Students: Dickinson College: Julia Bergen, Elizabeth Cardillo, Lisa Fiorentino, Colleen Heller, Kirsten Korell (exchange student, Universit\u00e4t Bremen), Rosemary [&hellip;]<\/p>\n","protected":false},"author":2,"featured_media":0,"parent":11,"menu_order":0,"comment_status":"closed","ping_status":"closed","template":"","meta":{"footnotes":""},"class_list":["post-45","page","type-page","status-publish","hentry","post-preview"],"_links":{"self":[{"href":"https:\/\/mosaics.dickinson.edu\/patagonia2001\/wp-json\/wp\/v2\/pages\/45","targetHints":{"allow":["GET"]}}],"collection":[{"href":"https:\/\/mosaics.dickinson.edu\/patagonia2001\/wp-json\/wp\/v2\/pages"}],"about":[{"href":"https:\/\/mosaics.dickinson.edu\/patagonia2001\/wp-json\/wp\/v2\/types\/page"}],"author":[{"embeddable":true,"href":"https:\/\/mosaics.dickinson.edu\/patagonia2001\/wp-json\/wp\/v2\/users\/2"}],"replies":[{"embeddable":true,"href":"https:\/\/mosaics.dickinson.edu\/patagonia2001\/wp-json\/wp\/v2\/comments?post=45"}],"version-history":[{"count":3,"href":"https:\/\/mosaics.dickinson.edu\/patagonia2001\/wp-json\/wp\/v2\/pages\/45\/revisions"}],"predecessor-version":[{"id":48,"href":"https:\/\/mosaics.dickinson.edu\/patagonia2001\/wp-json\/wp\/v2\/pages\/45\/revisions\/48"}],"up":[{"embeddable":true,"href":"https:\/\/mosaics.dickinson.edu\/patagonia2001\/wp-json\/wp\/v2\/pages\/11"}],"wp:attachment":[{"href":"https:\/\/mosaics.dickinson.edu\/patagonia2001\/wp-json\/wp\/v2\/media?parent=45"}],"curies":[{"name":"wp","href":"https:\/\/api.w.org\/{rel}","templated":true}]}}