{"id":67,"date":"2019-03-26T15:12:48","date_gmt":"2019-03-26T15:12:48","guid":{"rendered":"http:\/\/mosaics.dickinson.edu\/patagonia2001\/?page_id=67"},"modified":"2019-03-26T19:03:23","modified_gmt":"2019-03-26T19:03:23","slug":"resources","status":"publish","type":"page","link":"https:\/\/mosaics.dickinson.edu\/patagonia2001\/resources\/","title":{"rendered":"Resources"},"content":{"rendered":"<p>The following oral history interviews were conducted in Comodoro Rivadavia and its surrounding company towns. Most of them are available at the Community Studies Center (CSC) and in Comodoro Rivadavia (contact: Prof. Susana Torres). In some cases, there may be restrictions on their use. In addition, the CSC has scanned pictures from Comodoro Rivadavia&#8217;s Municipal Archive and private collections. These pictures are relevant to the history of the area and to some of the oral histories.\u00a0 Some of these pictures are currently available at the virtual exhibit about the uses of space in the oil company towns, one of the Patagonia Mosaic&#8217;s student projects. To visit the exhibit, go to\u00a0<a href=\"http:\/\/mosaics.dickinson.edu\/patagonia2001\/projects\/\">Students&#8217; Projects<\/a> page.<\/p>\n<p>&nbsp;<\/p>\n<h4><strong>List of oral history interviews<\/strong><\/h4>\n<table border=\"1\" width=\"100%\">\n<tbody>\n<tr>\n<td>\u00a0<strong>Names<\/strong><\/td>\n<td><strong>Date<\/strong><\/td>\n<td><strong>Topics\/Ethnic Groups<\/strong><\/td>\n<td><strong>Research Team<\/strong><\/td>\n<td><strong>Languages<\/strong><\/td>\n<td><strong>DV Tapes<\/strong><\/td>\n<td><strong>Transcripts<\/strong><\/td>\n<\/tr>\n<tr>\n<td>\u00a0Carmen\u00a0Ascencio S\u00e1nchez\u00a0(de Granero)<\/td>\n<td>\u00a01\/15\/2001<\/td>\n<td>\u00a0Life history; Spanish immigrant.<\/td>\n<td>\u00a0Mar\u00eda Laura Olivares, Julia Bergen, Kristin McLane (camera)<\/td>\n<td>\u00a0Spanish<\/td>\n<td>\u00a01<\/td>\n<td>\u00a0Not available<\/td>\n<\/tr>\n<tr>\n<td>\u00a0Barrio San Mart\u00edn\u00a0(Ernesto\u00a0Allende, Rudecindo Juvenal\u00a0Barriga, Eduardo\u00a0Caicheo, Leonidas\u00a0Carmona,Colivoro, Mario\u00a0Mercado, Rosa\u00a0Millaqueo, Rosa\u00a0Pincol,\u00a0 Mar\u00eda Marta\u00a0Marquez,\u00a0 Isabel\u00a0Oporto, Carmen\u00a0Pidal, Mar\u00eda\u00a0Saez, Graciela\u00a0Schweighofer, Solano\u00a0Segunza, and other unidentified people<\/td>\n<td>\u00a01\/18\/2001 and ?<\/td>\n<td>Life histories; life in the Barrio San Mart\u00edn; the Biblioteca Popular; the Centro de Promoci\u00f3n Barrial; Chilean immigrants; Indigenous groups.<\/td>\n<td>Rosemary McGunnigle, Karla Nieves, Kirsten Korell (camera)<\/td>\n<td>Spanish with some English translation<\/td>\n<td>\u00a04 (?)<\/td>\n<td>\u00a0Available (Spanish)<\/td>\n<\/tr>\n<tr>\n<td>\u00a0Maria Joao\u00a0Bordeira\u00a0(de Parreira) and Maria Francisca de Sousa\u00a0Viegas(de Coelho de Jesus)<\/td>\n<td>\u00a01\/19\/2001<\/td>\n<td>\u00a0Life histories; family migration histories; daily life in Km 8 company town. Portuguese immigrants (Algarve).<\/td>\n<td>Marcelo Borges, Jasmin S\u00e1nchez, Angela Reynolds (camera).<\/td>\n<td>\u00a0Spanish<\/td>\n<td>\u00a02<\/td>\n<td>\u00a0First tape available (Spanish).<\/td>\n<\/tr>\n<tr>\n<td>\u00a0Catarina Charneca\u00a0Borralho\u00a0(de De Sousa)<\/td>\n<td>\u00a01\/16\/2001<\/td>\n<td>\u00a0Life history; Portuguese immigrant (Algarve).<\/td>\n<td>\u00a0Marcelo Borges, Jasmin S\u00e1nchez, Angela Reynolds<\/td>\n<td>Spanish and Portuguese<\/td>\n<td>\u00a01<\/td>\n<td>Available (Spanish).<\/td>\n<\/tr>\n<tr>\n<td>\u00a0Giuseppe\u00a0Cambareri<\/td>\n<td>\u00a01\/18\/2001<\/td>\n<td>\u00a0Life history; work in YPF; family migration; Italian immigrant (Calabria).<\/td>\n<td>\u00a0Lisa Fiorentino, Jasmin S\u00e1nchez, Graciela Ciselli, David Stein (camera)<\/td>\n<td>Spanish and English<\/td>\n<td>2<\/td>\n<td>\u00a0Not available<\/td>\n<\/tr>\n<tr>\n<td>\u00a0Luzia\u00a0Dias<\/td>\n<td>1\/10\/2001<\/td>\n<td>\u00a0Life history; migration experience; women and migration; Portuguese immigrant.<\/td>\n<td>Jasmin S\u00e1nchez, Marcelo Borges, Mar\u00eda Jos\u00e9 Garrido, Colleen Heller, Angela Reynolds (camera), Susan Rose (camera)<\/td>\n<td>Spanish with some English<\/td>\n<td>1<\/td>\n<td>\u00a0Available (Spanish)<\/td>\n<\/tr>\n<tr>\n<td>\u00a0Martha\u00a0Eggeling\u00a0(de Jung) and AlbertoMuller<\/td>\n<td>1\/18\/2001<\/td>\n<td>\u00a0Life history; Germans in Argentina; life in ASTRA company town.<br \/>\nArgentines of German descent.<\/td>\n<td>Susan Rose, Kirsten Korell, Susana Torres, Rosemary McGunnigle<\/td>\n<td>German and Spanish<\/td>\n<td>\u00a02<\/td>\n<td>Available (English and German)<\/td>\n<\/tr>\n<tr>\n<td>\u00a0Martha\u00a0Eggeling\u00a0(de Jung)<\/td>\n<td><\/td>\n<td>\u00a0Follow-up interview to scan pictures.<\/td>\n<td>\u00a0Kirsten Korell, Kristin McLane, Susan Rose, Susana Torres<\/td>\n<td>German and Spanish<\/td>\n<td>\u00a01<\/td>\n<td>\u00a0Selections available (English)<\/td>\n<\/tr>\n<tr>\n<td>\u00a0Fernando\u00a0Gamarra<\/td>\n<td>\u00a01\/11\/2001<\/td>\n<td>\u00a0Life history; Paraguayan immigrant.<\/td>\n<td>\u00a0Rosemary McGunnigle, Kirsten Korell (camera)<\/td>\n<td>Spanish<\/td>\n<td>\u00a02<\/td>\n<td>\u00a0Not available<\/td>\n<\/tr>\n<tr>\n<td>Luis\u00a0Gamarra<\/td>\n<td>\u00a01\/17\/2001<\/td>\n<td>\u00a0Argentine of Paraguayan descent.<\/td>\n<td>\u00a0Rosemary McGunnigle<\/td>\n<td>\u00a0Spanish<\/td>\n<td>\u00a01<\/td>\n<td>\u00a0Not available<\/td>\n<\/tr>\n<tr>\n<td>\u00a0Zbigniew Ludwig\u00a0Gaworowski, Albina\u00a0Octan<\/td>\n<td>\u00a01\/17\/2001<\/td>\n<td>\u00a0Life histories; Second World War;\u00a0 Polish and Latvian immigrants.<\/td>\n<td>\u00a0Susana Torres, Jasmin S\u00e1nchez, Kirsten Korell, Lonna Malmsheimer (camera)<\/td>\n<td>\u00a0Spanish, German, English<\/td>\n<td><\/td>\n<td>Not available<\/td>\n<\/tr>\n<tr>\n<td>Joaquin Dias\u00a0Guerreiro, Rosa\u00a0Guerreiro\u00a0(de Tom\u00e9), Jos\u00e9\u00a0Tom\u00e9 Gago, Antonio\u00a0Torres\u00a0(h)<\/td>\n<td>1\/12\/2001<\/td>\n<td>\u00a0Life histories; family migration histories; daily life in ASTRA company town; growing up in ASTRA in the 1940s. Portuguese immigrants and Argentine of Spanish descent.<\/td>\n<td>\u00a0Marcelo Borges, Susan Rose (camera), Angela Reynolds (camera)<\/td>\n<td>Spanish<\/td>\n<td>\u00a04<\/td>\n<td>\u00a0Not available<\/td>\n<\/tr>\n<tr>\n<td>\u00a0Joaquin Dias\u00a0Guerreiro, Antonio\u00a0Torres\u00a0(h)<\/td>\n<td>\u00a01\/19\/2001<\/td>\n<td>\u00a0Tour of ASTRA company town; daily life; life histories. Portuguese and Argentine of Spanish descent.<\/td>\n<td>Marcelo Borges, Susan Rose, Colleen Heller, Lonna Malmsheimer (camera) and Dickinson group<\/td>\n<td>Spanish with some English translation<\/td>\n<td><\/td>\n<td>\u00a0Not available<\/td>\n<\/tr>\n<tr>\n<td>Katy\u00a0Hagemann<\/td>\n<td>\u00a01\/11\/2001<\/td>\n<td>Life history; Chilean immigrant of German descent.<\/td>\n<td>Mar\u00eda Jos\u00e9 Garrido, Rosemary McGunnigle, SusanRose, Kirsten Korell (camera)<\/td>\n<td>Spanish<\/td>\n<td><\/td>\n<td>\u00a0Not available<\/td>\n<\/tr>\n<tr>\n<td>\u00a0Juan\u00a0Ivanoff<\/td>\n<td>\u00a01\/12\/2001<\/td>\n<td>\u00a0Life history; family migration; work in YPF; Argentine of Bulgarian descent.<\/td>\n<td>David Stein, Karla Nieves,\u00a0 Lisa Fiorentino (camera)<\/td>\n<td>English and Spanish<\/td>\n<td>\u00a02<\/td>\n<td>\u00a0Available (English)<\/td>\n<\/tr>\n<tr>\n<td>\u00a0Johanna\u00a0Kokot\u00a0(de Avila)<\/td>\n<td>\u00a01\/16\/2001<\/td>\n<td>Life history; Boer immigration to Argentina; rural colonization;\u00a0 Argentine of Boer (South Africa) origin.<\/td>\n<td>\u00a0David Stein, Colleen Heller, Elizabeth Cardillo<\/td>\n<td>English<\/td>\n<td>\u00a02<\/td>\n<td>\u00a0Available (English)<\/td>\n<\/tr>\n<tr>\n<td>\u00a0Ganio\u00a0Konoff<\/td>\n<td>\u00a01\/16\/2001<\/td>\n<td>\u00a0Life history; family migration; Bulgarian immigrant.<\/td>\n<td>Karla Nieves, Lisa Fiorentino (camera)<\/td>\n<td>Spanish<\/td>\n<td>\u00a01<\/td>\n<td>\u00a0Not available<\/td>\n<\/tr>\n<tr>\n<td>Fanny de\u00a0Levang<\/td>\n<td>\u00a01\/10\/2001<\/td>\n<td>\u00a0Life history; family migration; World War Two; Croatian immigrant.<\/td>\n<td>\u00a0David Stein, Karla Nieves, Lisa Fiorentino (camera)<\/td>\n<td>Spanish and English<\/td>\n<td><\/td>\n<td>Not available<\/td>\n<\/tr>\n<tr>\n<td>\u00a0Supina\u00a0Lopresto<\/td>\n<td>\u00a01\/19\/2001<\/td>\n<td>\u00a0Life history; family migration; post World War Two; Italian immigrant (Calabria).<\/td>\n<td>Lisa Fiorentino, Mar\u00eda Jos\u00e9 Garrido, Graciela Ciselli, David Stein (camera)<\/td>\n<td>\u00a0Spanish<\/td>\n<td>1<\/td>\n<td>\u00a0Not available<\/td>\n<\/tr>\n<tr>\n<td>\u00a0Maria de\u00a0Mendon\u00e7a<\/td>\n<td>\u00a01\/12\/2001<\/td>\n<td>\u00a0Life history; family migration; children and migration; life in oil camps; Portuguese immigrant (Algarve).<\/td>\n<td>Marcelo Borges, Jasmin S\u00e1nchez, Angela Reynolds (camera)<\/td>\n<td>Spanish and Portuguese<\/td>\n<td>2<\/td>\n<td>\u00a0Available (Spanish)<\/td>\n<\/tr>\n<tr>\n<td>\u00a0Maria Christova\u00a0Minkova\u00a0(de Petroff)<\/td>\n<td>\u00a01\/15\/2001<\/td>\n<td>Life history; migration history; women and migration;\u00a0 Bulgarian immigrant.<\/td>\n<td>\u00a0Sonia Ivanoff, Susan Rose, Lonna Malmsheimer, Julia Bergen, Kristin McLane<\/td>\n<td>Spanish and English<\/td>\n<td>\u00a02<\/td>\n<td>\u00a0First tape available (Spanish)<\/td>\n<\/tr>\n<tr>\n<td>\u00a0Petko\u00a0Nikov, Ivanka\u00a0Petkova\u00a0(de Stancheff), Juan\u00a0Stancheff, Susana E.\u00a0Stancheff, Mat\u00edas L.\u00a0Bistrai, Camila J.Bistrai<\/td>\n<td>1\/17\/2001<\/td>\n<td>\u00a0Multi-generational life histories; family migration; Bulgarian immigrants and Argentines of Bulgarian descent.<\/td>\n<td>Susan Rose, Sonia Ivanoff, Karla Nieves, David Stein<\/td>\n<td>Spanish, Bulgarian, and English<\/td>\n<td>\u00a02<\/td>\n<td>\u00a0First tape available (English)<\/td>\n<\/tr>\n<tr>\n<td>\u00a0Leonarda\u00a0Ram\u00edrez\u00a0(de Gamarra)<\/td>\n<td>1\/12\/2001<\/td>\n<td>\u00a0Life history; migration history; Paraguayan immigrant.<\/td>\n<td>Rosemary McGunnigle, Kirsten Korell (camera)<\/td>\n<td>\u00a0Spanish<\/td>\n<td>\u00a01<\/td>\n<td>\u00a0Not available<\/td>\n<\/tr>\n<tr>\n<td>\u00a0Francisca\u00a0Salvador Jim\u00e9nez\u00a0(de Montoya), Esperanza\u00a0Montoya Salvador\u00a0(de Torres)<\/td>\n<td>1\/18\/2001<\/td>\n<td>\u00a0Life histories; family migration; post World War Two; women and migration; mother&#8217;s and daughter&#8217;s histories; Km 8 company town; Spanish immigrants (Almer\u00eda, Andalusia)<\/td>\n<td>Mar\u00eda Laura Olivares, Elizabeth Cardillo (camera)<\/td>\n<td>Spanish<\/td>\n<td>\u00a02<\/td>\n<td>\u00a0Available (Spanish)<\/td>\n<\/tr>\n<tr>\n<td>\u00a0Mar\u00eda del Carmen\u00a0S\u00e1nchez\u00a0(de Torres), Ram\u00f3nS\u00e1nchez, Mar\u00eda\u00a0Cort\u00e9s(de Sim\u00f3n), Diego\u00a0Sim\u00f3n<\/td>\n<td>\u00a01\/18\/2001<\/td>\n<td>\u00a0Life histories; family migration; growing up in YPF company town in the 1940s and 1950s;\u00a0 work\/employment histories; social life; brother and sister; couple; Argentine of Spanish descent (from Almer\u00eda, Andalusia).<\/td>\n<td>Marcelo Borges, Colleen Heller, Angela Reynolds (camera), Lonna Malmsheimer (camera)<\/td>\n<td>Spanish with some English<\/td>\n<td>4<\/td>\n<td>\u00a0Not available<\/td>\n<\/tr>\n<tr>\n<td>\u00a0Mar\u00eda Leonides\u00a0Silva Cabezas\u00a0(de P\u00e9rez S\u00e1ez)<\/td>\n<td>\u00a01\/10\/2001<\/td>\n<td>\u00a0Life history; migration history; Spanish immigrant.<\/td>\n<td>\u00a0Julia Bergen, Mar\u00eda Laura Olivares, Kristin McLane, Elizabeth Cardillo<\/td>\n<td>\u00a0Spanish<\/td>\n<td>\u00a02<\/td>\n<td>Available (Spanish)<\/td>\n<\/tr>\n<tr>\n<td>\u00a0Ivo\u00a0Sloboda<\/td>\n<td>\u00a01\/11\/2001<\/td>\n<td>\u00a0Life history; work\/employment history; petroleum work; Argentine of Czech descent.<\/td>\n<td>Colleen Heller, Mar\u00eda Laura Olivares, Elizabeth Cardillo (camera)<\/td>\n<td>\u00a0English<\/td>\n<td>\u00a01<\/td>\n<td>\u00a0Available (English)<\/td>\n<\/tr>\n<tr>\n<td>\u00a0Juan\u00a0Svoboda<\/td>\n<td>\u00a01\/12\/2001<\/td>\n<td>\u00a0Life history; work\/employment history; labor activism (leader); YPF; Argentine of Czech descent<\/td>\n<td>Susana Torres, Mar\u00eda Jos\u00e9 Garrido, Colleen Heller, Elizabeth Cardillo, Lonna Malmsheimer (camera)<\/td>\n<td>Spanish and English<\/td>\n<td>\u00a02<\/td>\n<td>\u00a0Not available<\/td>\n<\/tr>\n<tr>\n<td>\u00a0Violeta\u00a0Urdanoff\u00a0(de Reyes)<\/td>\n<td>1\/11\/2001<\/td>\n<td>\u00a0Life history; family migration; Argentine of Bulgarian descent.<\/td>\n<td>Lisa Fiorentino, Karla Nieves, David Stein (camera)<\/td>\n<td>Spanish with some English<\/td>\n<td>\u00a02<\/td>\n<td>\u00a0Not available<\/td>\n<\/tr>\n<tr>\n<td>Jos\u00e9 J. Rosa\u00a0Valente<\/td>\n<td>1\/17\/2001<\/td>\n<td>Life history; work\/employment history; apprenticeship; Petroqu\u00edmica oil company organization; Km 8 company town. Portuguese immigrant.<\/td>\n<td>Marcelo Borges, Colleen Heller, Mar\u00eda Jos\u00e9 Garrido, Elizabeth Cardillo, Angela Reynolds (camera), David Stein (camera)<\/td>\n<td>Spanish with some English<\/td>\n<td>5<\/td>\n<td>\u00a0Note: This interview is for the exclusive use of the\u00a0 Patagonia Mosaic.<br \/>\nInterviews to members of the Patagonia Mosaic group<\/td>\n<\/tr>\n<\/tbody>\n<\/table>\n<h4><strong>Interviews to members of the Patagonia Mosaic group<\/strong><\/h4>\n<p>&nbsp;<\/p>\n<table border=\"1\" width=\"100%\">\n<tbody>\n<tr>\n<td>\u00a0<strong>Names<\/strong><\/td>\n<td><strong>Date<\/strong><\/td>\n<td><strong>Topics<\/strong><\/td>\n<td><strong>Research Team<\/strong><\/td>\n<td><strong>Languages<\/strong><\/td>\n<td><strong>DV Tapes<\/strong><\/td>\n<td><strong>Transcripts<\/strong><\/td>\n<\/tr>\n<tr>\n<td>Elizabeth\u00a0Cardillo,\u00a0Colleen\u00a0Heller, Mar\u00eda Jos\u00e9\u00a0Garrido<\/td>\n<td>1\/17\/2001<\/td>\n<td>Participation in the Mosaic Program; reflexive study.<\/td>\n<td><\/td>\n<td>\u00a0English<\/td>\n<td>\u00a01<\/td>\n<td>\u00a0Not available<\/td>\n<\/tr>\n<tr>\n<td>Sonia\u00a0Ivanoff, Mar\u00eda Laura\u00a0Olivares<\/td>\n<td>1\/9\/2001<\/td>\n<td>Bulgarians in Comodoro Rivadavia; Bulgarian Association; Youth group<br \/>\n(Practice interview).<\/td>\n<td>David Stein, Karla Nieves, two cameras<\/td>\n<td>Spanish and English<\/td>\n<td>2<\/td>\n<td>\u00a0Not available<\/td>\n<\/tr>\n<tr>\n<td>Sonia\u00a0Ivanoff<\/td>\n<td><\/td>\n<td>Bulgarians in Comodoro Rivadavia. (Practice interview).<\/td>\n<td><\/td>\n<td>\u00a0Spanish and English<\/td>\n<td>\u00a01<\/td>\n<td>\u00a0Not available<\/td>\n<\/tr>\n<tr>\n<td>Jasmin\u00a0S\u00e1nchez,\u00a0Angela\u00a0Reynolds<\/td>\n<td>1\/18\/2001<\/td>\n<td>Participation in the Mosaic Program; reflexive study.<\/td>\n<td><\/td>\n<td>English<\/td>\n<td>\u00a01<\/td>\n<td>Not available<\/td>\n<\/tr>\n<tr>\n<td>Susana\u00a0Torres<\/td>\n<td><\/td>\n<td>Immigration in Comodoro Rivadavia; oil company towns. (Practice interview).<\/td>\n<td><\/td>\n<td>English<\/td>\n<td>1<\/td>\n<td>\u00a0Not available<\/td>\n<\/tr>\n<\/tbody>\n<\/table>\n<p>&nbsp;<\/p>\n","protected":false},"excerpt":{"rendered":"<p>The following oral history interviews were conducted in Comodoro Rivadavia and its surrounding company towns. Most of them are available at the Community Studies Center (CSC) and in Comodoro Rivadavia (contact: Prof. Susana Torres). In some cases, there may be restrictions on their use. In addition, the CSC has scanned pictures from Comodoro Rivadavia&#8217;s Municipal [&hellip;]<\/p>\n","protected":false},"author":2,"featured_media":0,"parent":0,"menu_order":4,"comment_status":"closed","ping_status":"closed","template":"","meta":{"footnotes":""},"class_list":["post-67","page","type-page","status-publish","hentry","post-preview"],"_links":{"self":[{"href":"https:\/\/mosaics.dickinson.edu\/patagonia2001\/wp-json\/wp\/v2\/pages\/67","targetHints":{"allow":["GET"]}}],"collection":[{"href":"https:\/\/mosaics.dickinson.edu\/patagonia2001\/wp-json\/wp\/v2\/pages"}],"about":[{"href":"https:\/\/mosaics.dickinson.edu\/patagonia2001\/wp-json\/wp\/v2\/types\/page"}],"author":[{"embeddable":true,"href":"https:\/\/mosaics.dickinson.edu\/patagonia2001\/wp-json\/wp\/v2\/users\/2"}],"replies":[{"embeddable":true,"href":"https:\/\/mosaics.dickinson.edu\/patagonia2001\/wp-json\/wp\/v2\/comments?post=67"}],"version-history":[{"count":20,"href":"https:\/\/mosaics.dickinson.edu\/patagonia2001\/wp-json\/wp\/v2\/pages\/67\/revisions"}],"predecessor-version":[{"id":107,"href":"https:\/\/mosaics.dickinson.edu\/patagonia2001\/wp-json\/wp\/v2\/pages\/67\/revisions\/107"}],"wp:attachment":[{"href":"https:\/\/mosaics.dickinson.edu\/patagonia2001\/wp-json\/wp\/v2\/media?parent=67"}],"curies":[{"name":"wp","href":"https:\/\/api.w.org\/{rel}","templated":true}]}}